{"id":40507,"date":"2023-06-28T00:22:28","date_gmt":"2023-06-27T22:22:28","guid":{"rendered":"https:\/\/shopvalley.fr\/politica-de-entregas\/"},"modified":"2026-02-01T13:43:24","modified_gmt":"2026-02-01T12:43:24","slug":"politica-de-entregas","status":"publish","type":"page","link":"https:\/\/shopvalley.fr\/es\/politica-de-entregas\/","title":{"rendered":"Pol\u00edtica de entregas"},"content":{"rendered":"\t\t<div data-elementor-type=\"wp-page\" data-elementor-id=\"40507\" class=\"elementor elementor-40507 elementor-16494\" data-elementor-post-type=\"page\">\n\t\t\t\t<div class=\"wd-negative-gap elementor-element elementor-element-320995b e-flex e-con-boxed e-con e-parent\" data-id=\"320995b\" data-element_type=\"container\" data-e-type=\"container\">\n\t\t\t\t\t<div class=\"e-con-inner\">\n\t\t\t\t<div class=\"elementor-element elementor-element-556ea73 wd-width-100 elementor-widget elementor-widget-wd_title\" data-id=\"556ea73\" data-element_type=\"widget\" data-e-type=\"widget\" data-widget_type=\"wd_title.default\">\n\t\t\t\t<div class=\"elementor-widget-container\">\n\t\t\t\t\t\t\t<div class=\"title-wrapper wd-set-mb reset-last-child wd-title-color-default wd-title-style-default wd-title-size-default text-left\">\n\n\t\t\t\n\t\t\t<div class=\"liner-continer\">\n\t\t\t\t<h4 class=\"woodmart-title-container title wd-fontsize-l\">POL\u00cdTICA DE ENTREGA<\/h4> \n\t\t\t\t\t\t\t<\/div>\n\n\t\t\t\t\t<\/div>\n\t\t\t\t\t\t<\/div>\n\t\t\t\t<\/div>\n\t\t\t\t\t<\/div>\n\t\t\t\t<\/div>\n\t\t<div class=\"wd-negative-gap elementor-element elementor-element-d69b04f wd-section-stretch e-flex e-con-boxed e-con e-parent\" data-id=\"d69b04f\" data-element_type=\"container\" data-e-type=\"container\" data-settings=\"{&quot;background_background&quot;:&quot;classic&quot;}\">\n\t\t\t\t\t<div class=\"e-con-inner\">\n\t\t\t\t<div class=\"elementor-element elementor-element-ad9ce42 elementor-widget elementor-widget-wd_text_block\" data-id=\"ad9ce42\" data-element_type=\"widget\" data-e-type=\"widget\" data-widget_type=\"wd_text_block.default\">\n\t\t\t\t<div class=\"elementor-widget-container\">\n\t\t\t\t\t\t\t<div class=\"wd-text-block reset-last-child text-left\">\n\t\t\t\n\t\t\t<p><span style=\"color: #000000;\"><strong><span style=\"font-size: 14pt;\">INFORMACI\u00d3N DE ENTREGA<\/span><\/strong><\/span><\/p><p><span style=\"font-size: 14pt; color: #000000;\">Tramitamos los pedidos en un plazo de 1 a 2 d\u00edas laborables.<\/span><\/p><p><span style=\"font-size: 14pt; color: #000000;\">La entrega tarda entre 7 y 12 d\u00edas laborables.<\/span><\/p><p><span style=\"font-size: 14pt; color: #000000;\"><strong>ShopValley<\/strong> realiza env\u00edos a las siguientes zonas geogr\u00e1ficas: FRANCIA, B\u00c9LGICA, LUXEMBURGO, SUIZA, ESPA\u00d1A<\/span><\/p><p><span style=\"font-size: 14pt; color: #000000;\">Cada vez que hagas un pedido, recibir\u00e1s un correo electr\u00f3nico de confirmaci\u00f3n, seguido de un segundo correo electr\u00f3nico con la confirmaci\u00f3n del env\u00edo, incluido el n\u00famero de seguimiento del pedido. Tambi\u00e9n puedes rastrear tu paquete desde la <a style=\"color: #000000;\" title=\"Splash mackintosh Seguimiento de pedidos\" href=\"https:\/\/shopvalley.fr\/suivi-commande\/\">p\u00e1gina de seguimiento del pedido<\/a>.<\/span><\/p><p><span style=\"color: #000000;\"><strong><span style=\"font-size: 14pt;\">NUESTROS M\u00c9TODOS DE ENV\u00cdO<\/span><\/strong><\/span><\/p><p><span style=\"font-size: 14pt; color: #000000;\">La entrega se realiza por Colissimo con entrega a domicilio.<\/span><\/p><p><span style=\"font-size: 14pt; color: #000000;\">Algunos pedidos pueden estar vinculados a varios proveedores, en cuyo caso los art\u00edculos se env\u00edan por separado.<\/span><\/p><p><span style=\"color: #000000;\"><strong><span style=\"font-size: 14pt;\">GASTOS DE ENV\u00cdO<\/span><\/strong><\/span><\/p><p class=\"p1\"><span style=\"font-size: 14pt; color: #000000;\">Entrega gratuita en todos los productos<\/span><\/p><p><span style=\"color: #000000; font-size: 14pt;\"><strong>CONT\u00c1CTANOS<\/strong><\/span><\/p><p><span style=\"color: #000000; font-size: 14pt;\">De lunes a s\u00e1bado: de 8.00 a 19.00<\/span><br><span style=\"color: #000000; font-size: 14pt;\">Tel\u00e9fono: <strong>07 45 03 66 49<\/strong><\/span><br><span style=\"color: #000000; font-size: 14pt;\">Correo electr\u00f3nico: <strong>contact@shopvalley.fr<\/strong><\/span><br><span style=\"color: #000000; font-size: 14pt;\">Direcci\u00f3n: <strong><span style=\"color: #000000;\">21 rue Lavoisier, 94450 Limeil-Br\u00e9vannes, Francia<\/span><\/strong><\/span><\/p>\n\t\t\t\t\t<\/div>\n\t\t\t\t\t\t<\/div>\n\t\t\t\t<\/div>\n\t\t\t\t\t<\/div>\n\t\t\t\t<\/div>\n\t\t\t\t<\/div>\n\t\t","protected":false},"excerpt":{"rendered":"<p>POL\u00cdTICA DE ENTREGA INFORMACI\u00d3N DE ENTREGA Tramitamos los pedidos en un plazo de 1 a 2 d\u00edas laborables. La entrega<\/p>\n","protected":false},"author":1,"featured_media":0,"parent":0,"menu_order":0,"comment_status":"closed","ping_status":"closed","template":"","meta":{"footnotes":""},"class_list":["post-40507","page","type-page","status-publish","hentry"],"yoast_head":"<!-- This site is optimized with the Yoast SEO plugin v27.4 - https:\/\/yoast.com\/product\/yoast-seo-wordpress\/ -->\n<title>Pol\u00edtica de entregas - ShopValley<\/title>\n<meta name=\"robots\" content=\"noindex, nofollow\" \/>\n<meta property=\"og:locale\" content=\"es_ES\" \/>\n<meta property=\"og:type\" content=\"article\" \/>\n<meta property=\"og:title\" content=\"Pol\u00edtica de entregas - ShopValley\" \/>\n<meta property=\"og:description\" content=\"POL\u00cdTICA DE ENTREGA INFORMACI\u00d3N DE ENTREGA Tramitamos los pedidos en un plazo de 1 a 2 d\u00edas laborables. La entrega\" \/>\n<meta property=\"og:url\" content=\"https:\/\/shopvalley.fr\/es\/politica-de-entregas\/\" \/>\n<meta property=\"og:site_name\" content=\"ShopValley\" \/>\n<meta property=\"article:modified_time\" content=\"2026-02-01T12:43:24+00:00\" \/>\n<script type=\"application\/ld+json\" class=\"yoast-schema-graph\">{\"@context\":\"https:\\\/\\\/schema.org\",\"@graph\":[{\"@type\":\"WebPage\",\"@id\":\"https:\\\/\\\/shopvalley.fr\\\/es\\\/politica-de-entregas\\\/\",\"url\":\"https:\\\/\\\/shopvalley.fr\\\/es\\\/politica-de-entregas\\\/\",\"name\":\"Pol\u00edtica de entregas - ShopValley\",\"isPartOf\":{\"@id\":\"https:\\\/\\\/shopvalley.fr\\\/es\\\/#website\"},\"datePublished\":\"2023-06-27T22:22:28+00:00\",\"dateModified\":\"2026-02-01T12:43:24+00:00\",\"breadcrumb\":{\"@id\":\"https:\\\/\\\/shopvalley.fr\\\/es\\\/politica-de-entregas\\\/#breadcrumb\"},\"inLanguage\":\"es\",\"potentialAction\":[{\"@type\":\"ReadAction\",\"target\":[\"https:\\\/\\\/shopvalley.fr\\\/es\\\/politica-de-entregas\\\/\"]}]},{\"@type\":\"BreadcrumbList\",\"@id\":\"https:\\\/\\\/shopvalley.fr\\\/es\\\/politica-de-entregas\\\/#breadcrumb\",\"itemListElement\":[{\"@type\":\"ListItem\",\"position\":1,\"name\":\"Accueil\",\"item\":\"https:\\\/\\\/shopvalley.fr\\\/es\\\/\"},{\"@type\":\"ListItem\",\"position\":2,\"name\":\"Pol\u00edtica de entregas\"}]},{\"@type\":\"WebSite\",\"@id\":\"https:\\\/\\\/shopvalley.fr\\\/es\\\/#website\",\"url\":\"https:\\\/\\\/shopvalley.fr\\\/es\\\/\",\"name\":\"ShopValley\",\"description\":\"\u00a1Productos de moda a precios bajos!\",\"publisher\":{\"@id\":\"https:\\\/\\\/shopvalley.fr\\\/es\\\/#organization\"},\"potentialAction\":[{\"@type\":\"SearchAction\",\"target\":{\"@type\":\"EntryPoint\",\"urlTemplate\":\"https:\\\/\\\/shopvalley.fr\\\/es\\\/?s={search_term_string}\"},\"query-input\":{\"@type\":\"PropertyValueSpecification\",\"valueRequired\":true,\"valueName\":\"search_term_string\"}}],\"inLanguage\":\"es\"},{\"@type\":\"Organization\",\"@id\":\"https:\\\/\\\/shopvalley.fr\\\/es\\\/#organization\",\"name\":\"Shopvalley\",\"url\":\"https:\\\/\\\/shopvalley.fr\\\/es\\\/\",\"logo\":{\"@type\":\"ImageObject\",\"inLanguage\":\"es\",\"@id\":\"https:\\\/\\\/shopvalley.fr\\\/es\\\/#\\\/schema\\\/logo\\\/image\\\/\",\"url\":\"https:\\\/\\\/shopvalley.fr\\\/wp-content\\\/uploads\\\/2023\\\/11\\\/cropped-Copie-de-Logo-ShopValley-500-x-500-px-1.png\",\"contentUrl\":\"https:\\\/\\\/shopvalley.fr\\\/wp-content\\\/uploads\\\/2023\\\/11\\\/cropped-Copie-de-Logo-ShopValley-500-x-500-px-1.png\",\"width\":512,\"height\":512,\"caption\":\"Shopvalley\"},\"image\":{\"@id\":\"https:\\\/\\\/shopvalley.fr\\\/es\\\/#\\\/schema\\\/logo\\\/image\\\/\"}}]}<\/script>\n<!-- \/ Yoast SEO plugin. -->","yoast_head_json":{"title":"Pol\u00edtica de entregas - ShopValley","robots":{"index":"noindex","follow":"nofollow"},"og_locale":"es_ES","og_type":"article","og_title":"Pol\u00edtica de entregas - ShopValley","og_description":"POL\u00cdTICA DE ENTREGA INFORMACI\u00d3N DE ENTREGA Tramitamos los pedidos en un plazo de 1 a 2 d\u00edas laborables. La entrega","og_url":"https:\/\/shopvalley.fr\/es\/politica-de-entregas\/","og_site_name":"ShopValley","article_modified_time":"2026-02-01T12:43:24+00:00","schema":{"@context":"https:\/\/schema.org","@graph":[{"@type":"WebPage","@id":"https:\/\/shopvalley.fr\/es\/politica-de-entregas\/","url":"https:\/\/shopvalley.fr\/es\/politica-de-entregas\/","name":"Pol\u00edtica de entregas - ShopValley","isPartOf":{"@id":"https:\/\/shopvalley.fr\/es\/#website"},"datePublished":"2023-06-27T22:22:28+00:00","dateModified":"2026-02-01T12:43:24+00:00","breadcrumb":{"@id":"https:\/\/shopvalley.fr\/es\/politica-de-entregas\/#breadcrumb"},"inLanguage":"es","potentialAction":[{"@type":"ReadAction","target":["https:\/\/shopvalley.fr\/es\/politica-de-entregas\/"]}]},{"@type":"BreadcrumbList","@id":"https:\/\/shopvalley.fr\/es\/politica-de-entregas\/#breadcrumb","itemListElement":[{"@type":"ListItem","position":1,"name":"Accueil","item":"https:\/\/shopvalley.fr\/es\/"},{"@type":"ListItem","position":2,"name":"Pol\u00edtica de entregas"}]},{"@type":"WebSite","@id":"https:\/\/shopvalley.fr\/es\/#website","url":"https:\/\/shopvalley.fr\/es\/","name":"ShopValley","description":"\u00a1Productos de moda a precios bajos!","publisher":{"@id":"https:\/\/shopvalley.fr\/es\/#organization"},"potentialAction":[{"@type":"SearchAction","target":{"@type":"EntryPoint","urlTemplate":"https:\/\/shopvalley.fr\/es\/?s={search_term_string}"},"query-input":{"@type":"PropertyValueSpecification","valueRequired":true,"valueName":"search_term_string"}}],"inLanguage":"es"},{"@type":"Organization","@id":"https:\/\/shopvalley.fr\/es\/#organization","name":"Shopvalley","url":"https:\/\/shopvalley.fr\/es\/","logo":{"@type":"ImageObject","inLanguage":"es","@id":"https:\/\/shopvalley.fr\/es\/#\/schema\/logo\/image\/","url":"https:\/\/shopvalley.fr\/wp-content\/uploads\/2023\/11\/cropped-Copie-de-Logo-ShopValley-500-x-500-px-1.png","contentUrl":"https:\/\/shopvalley.fr\/wp-content\/uploads\/2023\/11\/cropped-Copie-de-Logo-ShopValley-500-x-500-px-1.png","width":512,"height":512,"caption":"Shopvalley"},"image":{"@id":"https:\/\/shopvalley.fr\/es\/#\/schema\/logo\/image\/"}}]}},"jetpack_sharing_enabled":true,"_links":{"self":[{"href":"https:\/\/shopvalley.fr\/es\/wp-json\/wp\/v2\/pages\/40507","targetHints":{"allow":["GET"]}}],"collection":[{"href":"https:\/\/shopvalley.fr\/es\/wp-json\/wp\/v2\/pages"}],"about":[{"href":"https:\/\/shopvalley.fr\/es\/wp-json\/wp\/v2\/types\/page"}],"author":[{"embeddable":true,"href":"https:\/\/shopvalley.fr\/es\/wp-json\/wp\/v2\/users\/1"}],"replies":[{"embeddable":true,"href":"https:\/\/shopvalley.fr\/es\/wp-json\/wp\/v2\/comments?post=40507"}],"version-history":[{"count":7,"href":"https:\/\/shopvalley.fr\/es\/wp-json\/wp\/v2\/pages\/40507\/revisions"}],"predecessor-version":[{"id":64627,"href":"https:\/\/shopvalley.fr\/es\/wp-json\/wp\/v2\/pages\/40507\/revisions\/64627"}],"wp:attachment":[{"href":"https:\/\/shopvalley.fr\/es\/wp-json\/wp\/v2\/media?parent=40507"}],"curies":[{"name":"wp","href":"https:\/\/api.w.org\/{rel}","templated":true}]}}